{"id":1001,"date":"2016-07-21T10:41:18","date_gmt":"2016-07-21T08:41:18","guid":{"rendered":"https:\/\/innari.de\/login\/"},"modified":"2017-08-11T12:19:51","modified_gmt":"2017-08-11T10:19:51","slug":"giris","status":"publish","type":"page","link":"https:\/\/innari.de\/tr\/giris\/","title":{"rendered":"Giri\u015f"},"content":{"rendered":"","protected":true},"excerpt":{"rendered":"","protected":true},"author":1,"featured_media":0,"parent":0,"menu_order":0,"comment_status":"closed","ping_status":"closed","template":"","meta":{"footnotes":""},"class_list":["post-1001","page","type-page","status-publish","post-password-required","hentry"],"yoast_head":"<!-- This site is optimized with the Yoast SEO plugin v27.5 - https:\/\/yoast.com\/product\/yoast-seo-wordpress\/ -->\n<title>Giri\u015f - INNARI Innovation Nature Irrigation GmbH<\/title>\n<meta name=\"robots\" content=\"index, follow, max-snippet:-1, max-image-preview:large, max-video-preview:-1\" \/>\n<link rel=\"canonical\" href=\"https:\/\/innari.de\/tr\/giris\/\" \/>\n<meta property=\"og:locale\" content=\"tr_TR\" \/>\n<meta property=\"og:type\" content=\"article\" \/>\n<meta property=\"og:title\" content=\"Giri\u015f - INNARI Innovation Nature Irrigation GmbH\" \/>\n<meta property=\"og:description\" content=\"Burada al\u0131nt\u0131 yok \u00e7\u00fcnk\u00fc bu yaz\u0131 korumal\u0131.\" \/>\n<meta property=\"og:url\" content=\"https:\/\/innari.de\/tr\/giris\/\" \/>\n<meta property=\"og:site_name\" content=\"INNARI Innovation Nature Irrigation GmbH\" \/>\n<meta property=\"article:modified_time\" content=\"2017-08-11T10:19:51+00:00\" \/>\n<meta name=\"twitter:card\" content=\"summary_large_image\" \/>\n<script type=\"application\/ld+json\" class=\"yoast-schema-graph\">{\"@context\":\"https:\\\/\\\/schema.org\",\"@graph\":[{\"@type\":\"WebPage\",\"@id\":\"https:\\\/\\\/innari.de\\\/tr\\\/giris\\\/\",\"url\":\"https:\\\/\\\/innari.de\\\/tr\\\/giris\\\/\",\"name\":\"Giri\u015f - INNARI Innovation Nature Irrigation GmbH\",\"isPartOf\":{\"@id\":\"https:\\\/\\\/innari.de\\\/#website\"},\"datePublished\":\"2016-07-21T08:41:18+00:00\",\"dateModified\":\"2017-08-11T10:19:51+00:00\",\"breadcrumb\":{\"@id\":\"https:\\\/\\\/innari.de\\\/tr\\\/giris\\\/#breadcrumb\"},\"inLanguage\":\"tr\"},{\"@type\":\"WebSite\",\"@id\":\"https:\\\/\\\/innari.de\\\/#website\",\"url\":\"https:\\\/\\\/innari.de\\\/\",\"name\":\"INNARI Innovation Nature Irrigation GmbH\",\"description\":\"Bew\u00e4sserung in der Erde\",\"potentialAction\":[{\"@type\":\"SearchAction\",\"target\":{\"@type\":\"EntryPoint\",\"urlTemplate\":\"https:\\\/\\\/innari.de\\\/?s={search_term_string}\"},\"query-input\":{\"@type\":\"PropertyValueSpecification\",\"valueRequired\":true,\"valueName\":\"search_term_string\"}}],\"inLanguage\":\"tr\"}]}<\/script>\n<!-- \/ Yoast SEO plugin. -->","yoast_head_json":{"title":"Giri\u015f - INNARI Innovation Nature Irrigation GmbH","robots":{"index":"index","follow":"follow","max-snippet":"max-snippet:-1","max-image-preview":"max-image-preview:large","max-video-preview":"max-video-preview:-1"},"canonical":"https:\/\/innari.de\/tr\/giris\/","og_locale":"tr_TR","og_type":"article","og_title":"Giri\u015f - INNARI Innovation Nature Irrigation GmbH","og_description":"Burada al\u0131nt\u0131 yok \u00e7\u00fcnk\u00fc bu yaz\u0131 korumal\u0131.","og_url":"https:\/\/innari.de\/tr\/giris\/","og_site_name":"INNARI Innovation Nature Irrigation GmbH","article_modified_time":"2017-08-11T10:19:51+00:00","twitter_card":"summary_large_image","schema":{"@context":"https:\/\/schema.org","@graph":[{"@type":"WebPage","@id":"https:\/\/innari.de\/tr\/giris\/","url":"https:\/\/innari.de\/tr\/giris\/","name":"Giri\u015f - INNARI Innovation Nature Irrigation GmbH","isPartOf":{"@id":"https:\/\/innari.de\/#website"},"datePublished":"2016-07-21T08:41:18+00:00","dateModified":"2017-08-11T10:19:51+00:00","breadcrumb":{"@id":"https:\/\/innari.de\/tr\/giris\/#breadcrumb"},"inLanguage":"tr"},{"@type":"WebSite","@id":"https:\/\/innari.de\/#website","url":"https:\/\/innari.de\/","name":"INNARI Innovation Nature Irrigation GmbH","description":"Bew\u00e4sserung in der Erde","potentialAction":[{"@type":"SearchAction","target":{"@type":"EntryPoint","urlTemplate":"https:\/\/innari.de\/?s={search_term_string}"},"query-input":{"@type":"PropertyValueSpecification","valueRequired":true,"valueName":"search_term_string"}}],"inLanguage":"tr"}]}},"_links":{"self":[{"href":"https:\/\/innari.de\/tr\/wp-json\/wp\/v2\/pages\/1001","targetHints":{"allow":["GET"]}}],"collection":[{"href":"https:\/\/innari.de\/tr\/wp-json\/wp\/v2\/pages"}],"about":[{"href":"https:\/\/innari.de\/tr\/wp-json\/wp\/v2\/types\/page"}],"author":[{"embeddable":true,"href":"https:\/\/innari.de\/tr\/wp-json\/wp\/v2\/users\/1"}],"replies":[{"embeddable":true,"href":"https:\/\/innari.de\/tr\/wp-json\/wp\/v2\/comments?post=1001"}],"version-history":[{"count":1,"href":"https:\/\/innari.de\/tr\/wp-json\/wp\/v2\/pages\/1001\/revisions"}],"predecessor-version":[{"id":1002,"href":"https:\/\/innari.de\/tr\/wp-json\/wp\/v2\/pages\/1001\/revisions\/1002"}],"wp:attachment":[{"href":"https:\/\/innari.de\/tr\/wp-json\/wp\/v2\/media?parent=1001"}],"curies":[{"name":"wp","href":"https:\/\/api.w.org\/{rel}","templated":true}]}}