{"id":951,"date":"2016-08-16T16:20:32","date_gmt":"2016-08-16T14:20:32","guid":{"rendered":"https:\/\/innari.de\/permatube\/funktionsprinzip\/"},"modified":"2019-06-28T14:31:06","modified_gmt":"2019-06-28T12:31:06","slug":"calisma-yoentemi","status":"publish","type":"page","link":"https:\/\/innari.de\/tr\/mipotube\/calisma-yoentemi\/","title":{"rendered":"\u00c7al\u0131\u015fma y\u00f6ntemi"},"content":{"rendered":"","protected":false},"excerpt":{"rendered":"","protected":false},"author":1,"featured_media":0,"parent":944,"menu_order":0,"comment_status":"closed","ping_status":"closed","template":"","meta":{"footnotes":""},"class_list":["post-951","page","type-page","status-publish","hentry"],"yoast_head":"<!-- This site is optimized with the Yoast SEO plugin v27.3 - https:\/\/yoast.com\/product\/yoast-seo-wordpress\/ -->\n<title>\u00c7al\u0131\u015fma y\u00f6ntemi - INNARI Innovation Nature Irrigation GmbH<\/title>\n<meta name=\"robots\" content=\"index, follow, max-snippet:-1, max-image-preview:large, max-video-preview:-1\" \/>\n<link rel=\"canonical\" href=\"https:\/\/innari.de\/tr\/mipotube\/calisma-yoentemi\/\" \/>\n<meta property=\"og:locale\" content=\"tr_TR\" \/>\n<meta property=\"og:type\" content=\"article\" \/>\n<meta property=\"og:title\" content=\"\u00c7al\u0131\u015fma y\u00f6ntemi - INNARI Innovation Nature Irrigation GmbH\" \/>\n<meta property=\"og:url\" content=\"https:\/\/innari.de\/tr\/mipotube\/calisma-yoentemi\/\" \/>\n<meta property=\"og:site_name\" content=\"INNARI Innovation Nature Irrigation GmbH\" \/>\n<meta property=\"article:modified_time\" content=\"2019-06-28T12:31:06+00:00\" \/>\n<meta name=\"twitter:card\" content=\"summary_large_image\" \/>\n<script type=\"application\/ld+json\" class=\"yoast-schema-graph\">{\"@context\":\"https:\\\/\\\/schema.org\",\"@graph\":[{\"@type\":\"WebPage\",\"@id\":\"https:\\\/\\\/innari.de\\\/tr\\\/mipotube\\\/calisma-yoentemi\\\/\",\"url\":\"https:\\\/\\\/innari.de\\\/tr\\\/mipotube\\\/calisma-yoentemi\\\/\",\"name\":\"\u00c7al\u0131\u015fma y\u00f6ntemi - INNARI Innovation Nature Irrigation GmbH\",\"isPartOf\":{\"@id\":\"https:\\\/\\\/innari.de\\\/#website\"},\"datePublished\":\"2016-08-16T14:20:32+00:00\",\"dateModified\":\"2019-06-28T12:31:06+00:00\",\"breadcrumb\":{\"@id\":\"https:\\\/\\\/innari.de\\\/tr\\\/mipotube\\\/calisma-yoentemi\\\/#breadcrumb\"},\"inLanguage\":\"tr\",\"potentialAction\":[{\"@type\":\"ReadAction\",\"target\":[\"https:\\\/\\\/innari.de\\\/tr\\\/mipotube\\\/calisma-yoentemi\\\/\"]}]},{\"@type\":\"BreadcrumbList\",\"@id\":\"https:\\\/\\\/innari.de\\\/tr\\\/mipotube\\\/calisma-yoentemi\\\/#breadcrumb\",\"itemListElement\":[{\"@type\":\"ListItem\",\"position\":1,\"name\":\"Startseite\",\"item\":\"https:\\\/\\\/innari.de\\\/tr\\\/\"},{\"@type\":\"ListItem\",\"position\":2,\"name\":\"mipotube\u00ae\",\"item\":\"https:\\\/\\\/innari.de\\\/tr\\\/mipotube\\\/\"},{\"@type\":\"ListItem\",\"position\":3,\"name\":\"\u00c7al\u0131\u015fma y\u00f6ntemi\"}]},{\"@type\":\"WebSite\",\"@id\":\"https:\\\/\\\/innari.de\\\/#website\",\"url\":\"https:\\\/\\\/innari.de\\\/\",\"name\":\"INNARI Innovation Nature Irrigation GmbH\",\"description\":\"Bew\u00e4sserung in der Erde\",\"potentialAction\":[{\"@type\":\"SearchAction\",\"target\":{\"@type\":\"EntryPoint\",\"urlTemplate\":\"https:\\\/\\\/innari.de\\\/?s={search_term_string}\"},\"query-input\":{\"@type\":\"PropertyValueSpecification\",\"valueRequired\":true,\"valueName\":\"search_term_string\"}}],\"inLanguage\":\"tr\"}]}<\/script>\n<!-- \/ Yoast SEO plugin. -->","yoast_head_json":{"title":"\u00c7al\u0131\u015fma y\u00f6ntemi - INNARI Innovation Nature Irrigation GmbH","robots":{"index":"index","follow":"follow","max-snippet":"max-snippet:-1","max-image-preview":"max-image-preview:large","max-video-preview":"max-video-preview:-1"},"canonical":"https:\/\/innari.de\/tr\/mipotube\/calisma-yoentemi\/","og_locale":"tr_TR","og_type":"article","og_title":"\u00c7al\u0131\u015fma y\u00f6ntemi - INNARI Innovation Nature Irrigation GmbH","og_url":"https:\/\/innari.de\/tr\/mipotube\/calisma-yoentemi\/","og_site_name":"INNARI Innovation Nature Irrigation GmbH","article_modified_time":"2019-06-28T12:31:06+00:00","twitter_card":"summary_large_image","schema":{"@context":"https:\/\/schema.org","@graph":[{"@type":"WebPage","@id":"https:\/\/innari.de\/tr\/mipotube\/calisma-yoentemi\/","url":"https:\/\/innari.de\/tr\/mipotube\/calisma-yoentemi\/","name":"\u00c7al\u0131\u015fma y\u00f6ntemi - INNARI Innovation Nature Irrigation GmbH","isPartOf":{"@id":"https:\/\/innari.de\/#website"},"datePublished":"2016-08-16T14:20:32+00:00","dateModified":"2019-06-28T12:31:06+00:00","breadcrumb":{"@id":"https:\/\/innari.de\/tr\/mipotube\/calisma-yoentemi\/#breadcrumb"},"inLanguage":"tr","potentialAction":[{"@type":"ReadAction","target":["https:\/\/innari.de\/tr\/mipotube\/calisma-yoentemi\/"]}]},{"@type":"BreadcrumbList","@id":"https:\/\/innari.de\/tr\/mipotube\/calisma-yoentemi\/#breadcrumb","itemListElement":[{"@type":"ListItem","position":1,"name":"Startseite","item":"https:\/\/innari.de\/tr\/"},{"@type":"ListItem","position":2,"name":"mipotube\u00ae","item":"https:\/\/innari.de\/tr\/mipotube\/"},{"@type":"ListItem","position":3,"name":"\u00c7al\u0131\u015fma y\u00f6ntemi"}]},{"@type":"WebSite","@id":"https:\/\/innari.de\/#website","url":"https:\/\/innari.de\/","name":"INNARI Innovation Nature Irrigation GmbH","description":"Bew\u00e4sserung in der Erde","potentialAction":[{"@type":"SearchAction","target":{"@type":"EntryPoint","urlTemplate":"https:\/\/innari.de\/?s={search_term_string}"},"query-input":{"@type":"PropertyValueSpecification","valueRequired":true,"valueName":"search_term_string"}}],"inLanguage":"tr"}]}},"_links":{"self":[{"href":"https:\/\/innari.de\/tr\/wp-json\/wp\/v2\/pages\/951","targetHints":{"allow":["GET"]}}],"collection":[{"href":"https:\/\/innari.de\/tr\/wp-json\/wp\/v2\/pages"}],"about":[{"href":"https:\/\/innari.de\/tr\/wp-json\/wp\/v2\/types\/page"}],"author":[{"embeddable":true,"href":"https:\/\/innari.de\/tr\/wp-json\/wp\/v2\/users\/1"}],"replies":[{"embeddable":true,"href":"https:\/\/innari.de\/tr\/wp-json\/wp\/v2\/comments?post=951"}],"version-history":[{"count":2,"href":"https:\/\/innari.de\/tr\/wp-json\/wp\/v2\/pages\/951\/revisions"}],"predecessor-version":[{"id":1012,"href":"https:\/\/innari.de\/tr\/wp-json\/wp\/v2\/pages\/951\/revisions\/1012"}],"up":[{"embeddable":true,"href":"https:\/\/innari.de\/tr\/wp-json\/wp\/v2\/pages\/944"}],"wp:attachment":[{"href":"https:\/\/innari.de\/tr\/wp-json\/wp\/v2\/media?parent=951"}],"curies":[{"name":"wp","href":"https:\/\/api.w.org\/{rel}","templated":true}]}}